{"id":65,"date":"2019-06-10T15:19:12","date_gmt":"2019-06-10T13:19:12","guid":{"rendered":"https:\/\/bildungszentrumhard.at\/?page_id=65"},"modified":"2022-10-09T18:34:32","modified_gmt":"2022-10-09T16:34:32","slug":"impressum","status":"publish","type":"page","link":"https:\/\/bildungszentrumhard.at\/?page_id=65","title":{"rendered":"Impressum"},"content":{"rendered":"\n<p>Vereinsbezeichnung: &#8222;Bildungszentrum Hard&#8220;<br>\nDer Verein verfolgt ausschlie\u00dflich gemeinn\u00fctzige Zwecke im Sinne der \u00a7\u00a7 34 ff. der Bundesabgabenverordnung.<\/p>\n\n\n\n<p>ZVR-Zahl: 254 956 911<br> Anschrift: Landstra\u00dfe 36, A-6971 Hard, \u00d6sterreich, Tel.\/Fax 05574-731 34<br> Homepage: https:\/\/bildungszentrumhard.at<br> Mail: <a href=\"https:\/\/bildungszentrumhard.at\/?page_id=10\">Link<\/a><br> IBAN: AT47 3743 1000 1003 5541 \/ BIC: RVVG AT2B 431 (neu) <br> UID-Nummer: keine <br> Zweck: Der Verein f\u00fchrt Veranstaltungen durch.<br> Aufsichtsbeh\u00f6rde: Bezirkshauptmannschaft Bregenz<\/p>\n\n\n\n<p>F\u00fcr den Inhalt verantwortlich: Bildungszentrum Hard<\/p>\n\n\n\n<p>Disclaimer \/ Haftungsausschluss<\/p>\n\n\n\n<ul class=\"wp-block-list\"><li>Inhalt des Onlineangebotes<\/li><\/ul>\n\n\n\n<p>Die Herausgeber der Website &#8222;Bildungszentrum Hard&#8220; \u00fcbernehmen keinerlei Gew\u00e4hr f\u00fcr die Aktualit\u00e4t, Korrektheit, Vollst\u00e4ndigkeit oder Qualit\u00e4t der bereitgestellten Informationen. Haftungsanspr\u00fcche gegen die Herausgeber, die sich auf Sch\u00e4den materieller oder ideeller Art beziehen, die durch die Nutzung oder Nichtnutzung der dargebotenen Informationen bzw. durch die Nutzung fehlerhafter und unvollst\u00e4ndiger Informationen verursacht wurden, sind grunds\u00e4tzlich ausgeschlossen, sofern seitens der Herausgeber kein nachweislich vors\u00e4tzliches oder grob fahrl\u00e4ssiges Verschulden vorliegt.<\/p>\n\n\n\n<p>Alle Angebote sind freibleibend und unverbindlich. Die Herausgeber behalten es sich ausdr\u00fccklich vor, Teile der Seiten oder das gesamte Angebot ohne gesonderte Ank\u00fcndigung zu ver\u00e4ndern, zu erg\u00e4nzen, zu l\u00f6schen oder die Ver\u00f6ffentlichung zeitweise oder endg\u00fcltig einzustellen.<\/p>\n\n\n\n<ul class=\"wp-block-list\"><li>Verweise und Links<\/li><\/ul>\n\n\n\n<p>Bei direkten oder indirekten Verweisen auf fremde Internetseiten (&#8222;Links&#8220;), die au\u00dferhalb des Verantwortungsbereiches der Herausgeber liegen, w\u00fcrde eine Haftungsverpflichtung ausschlie\u00dflich in dem Fall in Kraft treten, in dem die Herausgeber von den Inhalten Kenntnis haben und es ihnen technisch m\u00f6glich und zumutbar w\u00e4re, die Nutzung im Fall rechtswidriger Inhalte zu verhindern. Die Herausgeber erkl\u00e4ren daher ausdr\u00fccklich, da\u00df zum Zeitpunkt der Linksetzung die entsprechenden verlinkten Seiten frei von illegalen Inhalten waren. Die Herausgeber haben keinerlei Einflu\u00df auf die aktuelle und zuk\u00fcnftige Gestaltung und auf die Inhalte der gelinkten \/ verkn\u00fcpften Seiten. Deshalb distanzieren sie sich hiermit ausdr\u00fccklich von allen Inhalten aller gelinkten \/ verkn\u00fcpften Seiten. Diese Feststellung gilt f\u00fcr alle innerhalb des eigenen Internetangebots gesetzten Links und Verweise sowie f\u00fcr Fremdeintr\u00e4ge in von den Herausgebern eingerichteten G\u00e4steb\u00fcchern, Diskussionsforen und Mailinglisten. F\u00fcr illegale, fehlerhafte oder unvollst\u00e4ndige Inhalte und insbesondere f\u00fcr Sch\u00e4den, die aus der Nutzung oder Nichtnutzung solcherart dargebotener Informationen entstehen, haftet allein der Anbieter der Seite, auf die verwiesen wurde, nicht derjenige, der \u00fcber Links auf die jeweilige Ver\u00f6ffentlichung lediglich verweist.<\/p>\n\n\n\n<ul class=\"wp-block-list\"><li>Urheber- und Kennzeichenrecht<\/li><\/ul>\n\n\n\n<p>Die Herausgeber sind bestrebt, in allen Publikationen die Urheberrechte der verwendeten Fotografien, Grafiken, Tondokumente, Videosequenzen und Texte zu beachten, von ihnen selbst erstellte Fotografien, Grafiken, Tondokumente, Videosequenzen und Texte zu nutzen oder auf lizenzfreie Fotografien, Grafiken, Tondokumente, Videosequenzen und Texte zur\u00fcckzugreifen. Alle innerhalb des Internetangebots genannten und gegebenenfalls durch Dritte gesch\u00fctzten Marken- und Warenzeichen unterliegen uneingeschr\u00e4nkt den Bestimmungen des jeweils g\u00fcltigen Kennzeichenrechts und den Besitzrechten der jeweiligeneingetragenen Eigent\u00fcmer. Allein aufgrund der blo\u00dfen Nennung ist nicht der Schlu\u00df zu ziehen, dass Markenzeichen nicht durch Rechte Dritter gesch\u00fctzt sind!<\/p>\n\n\n\n<p>F\u00fcr das Copyright der auf der Website des Bildungszentrums Hard ver\u00f6ffentlichten Texte -Fotografien, -Grafiken, -Tondokumente und -Videosequenzen gilt der Copyrighthinweis des Bildungszentrums Hard oder von urheberrechtsfreien Quellen wie z. B. Wikimedia Commons (https:\/\/commons.wikimedia.org) oder Pixabay (https:\/\/pixabay.com).<\/p>\n\n\n\n<ul class=\"wp-block-list\"><li>Rechtswirksamkeit dieses Haftungsausschlusses<\/li><\/ul>\n\n\n\n<p>Dieser Disclaimer \/ Haftungsausschlu\u00df ist als Teil des Internetangebots zu betrachten, von dem aus auf diese Seite verwiesen wurde. Sofern Teile oder einzelne Formulierungen dieses Textes der geltenden Rechtslage nicht, nicht mehr oder nicht vollst\u00e4ndig entsprechen sollten, bleiben die \u00fcbrigen Teile des Dokuments in ihrem Inhalt und ihrer G\u00fcltigkeit davon unber\u00fchrt.<\/p>\n","protected":false},"excerpt":{"rendered":"<p>Vereinsbezeichnung: &#8222;Bildungszentrum Hard&#8220; Der Verein verfolgt ausschlie\u00dflich gemeinn\u00fctzige Zwecke im Sinne der \u00a7\u00a7 34 ff. der Bundesabgabenverordnung. ZVR-Zahl: 254 956 911 Anschrift: Landstra\u00dfe 36, A-6971 Hard, \u00d6sterreich, Tel.\/Fax 05574-731 34 Homepage: https:\/\/bildungszentrumhard.at Mail: Link IBAN: AT47 3743 1000 1003 5541 \/ BIC: RVVG AT2B 431 (neu) UID-Nummer: keine Zweck: Der Verein f\u00fchrt Veranstaltungen durch. Aufsichtsbeh\u00f6rde: &hellip; <\/p>\n<p class=\"link-more\"><a href=\"https:\/\/bildungszentrumhard.at\/?page_id=65\" class=\"more-link\"><span class=\"screen-reader-text\">\u201eImpressum\u201c<\/span> weiterlesen<\/a><\/p>\n","protected":false},"author":1,"featured_media":0,"parent":0,"menu_order":0,"comment_status":"closed","ping_status":"closed","template":"","meta":{"footnotes":""},"class_list":["post-65","page","type-page","status-publish","hentry"],"_links":{"self":[{"href":"https:\/\/bildungszentrumhard.at\/index.php?rest_route=\/wp\/v2\/pages\/65","targetHints":{"allow":["GET"]}}],"collection":[{"href":"https:\/\/bildungszentrumhard.at\/index.php?rest_route=\/wp\/v2\/pages"}],"about":[{"href":"https:\/\/bildungszentrumhard.at\/index.php?rest_route=\/wp\/v2\/types\/page"}],"author":[{"embeddable":true,"href":"https:\/\/bildungszentrumhard.at\/index.php?rest_route=\/wp\/v2\/users\/1"}],"replies":[{"embeddable":true,"href":"https:\/\/bildungszentrumhard.at\/index.php?rest_route=%2Fwp%2Fv2%2Fcomments&post=65"}],"version-history":[{"count":3,"href":"https:\/\/bildungszentrumhard.at\/index.php?rest_route=\/wp\/v2\/pages\/65\/revisions"}],"predecessor-version":[{"id":397,"href":"https:\/\/bildungszentrumhard.at\/index.php?rest_route=\/wp\/v2\/pages\/65\/revisions\/397"}],"wp:attachment":[{"href":"https:\/\/bildungszentrumhard.at\/index.php?rest_route=%2Fwp%2Fv2%2Fmedia&parent=65"}],"curies":[{"name":"wp","href":"https:\/\/api.w.org\/{rel}","templated":true}]}}